{"id":625,"date":"2023-08-01T17:15:31","date_gmt":"2023-08-01T17:15:31","guid":{"rendered":"https:\/\/logicon.com.ar\/?page_id=625"},"modified":"2023-12-21T13:31:26","modified_gmt":"2023-12-21T13:31:26","slug":"noticias","status":"publish","type":"page","link":"https:\/\/logicon.com.ar\/?page_id=625","title":{"rendered":"Noticias"},"content":{"rendered":"\t\t<div data-elementor-type=\"wp-page\" data-elementor-id=\"625\" class=\"elementor elementor-625\">\n\t\t\t\t\t\t<section class=\"elementor-section elementor-top-section elementor-element elementor-element-cb3ecee elementor-section-content-top elementor-section-height-min-height elementor-section-items-top elementor-section-boxed elementor-section-height-default\" data-id=\"cb3ecee\" data-element_type=\"section\" data-settings=\"{&quot;background_background&quot;:&quot;classic&quot;}\">\n\t\t\t\t\t\t<div class=\"elementor-container elementor-column-gap-default\">\n\t\t\t\t\t<div class=\"elementor-column elementor-col-50 elementor-top-column elementor-element elementor-element-f8cee8f\" data-id=\"f8cee8f\" data-element_type=\"column\">\n\t\t\t<div class=\"elementor-widget-wrap elementor-element-populated\">\n\t\t\t\t\t\t<section class=\"elementor-section elementor-inner-section elementor-element elementor-element-d7409af elementor-section-boxed elementor-section-height-default elementor-section-height-default\" data-id=\"d7409af\" data-element_type=\"section\">\n\t\t\t\t\t\t<div class=\"elementor-container elementor-column-gap-default\">\n\t\t\t\t\t<div class=\"elementor-column elementor-col-100 elementor-inner-column elementor-element elementor-element-1eca93f elementor-invisible\" data-id=\"1eca93f\" data-element_type=\"column\" data-settings=\"{&quot;background_background&quot;:&quot;classic&quot;,&quot;animation&quot;:&quot;fadeInUp&quot;}\">\n\t\t\t<div class=\"elementor-widget-wrap elementor-element-populated\">\n\t\t\t\t\t\t<div class=\"elementor-element elementor-element-3ebe1f7 elementor-widget elementor-widget-heading\" data-id=\"3ebe1f7\" data-element_type=\"widget\" data-widget_type=\"heading.default\">\n\t\t\t\t<div class=\"elementor-widget-container\">\n\t\t\t\t\t<h1 class=\"elementor-heading-title elementor-size-default\">Noticias<\/h1>\t\t\t\t<\/div>\n\t\t\t\t<\/div>\n\t\t\t\t<div class=\"elementor-element elementor-element-b76d299 elementor-widget elementor-widget-text-editor\" data-id=\"b76d299\" data-element_type=\"widget\" data-widget_type=\"text-editor.default\">\n\t\t\t\t<div class=\"elementor-widget-container\">\n\t\t\t\t\t\t\t\t\t<p>El contexto nacional e internacional moldean las condiciones en las que se lleva a cabo el comercio internacional. En esta secci\u00f3n vas a encontrar las \u00faltimas novedades del sector.<\/p>\t\t\t\t\t\t\t\t<\/div>\n\t\t\t\t<\/div>\n\t\t\t\t\t<\/div>\n\t\t<\/div>\n\t\t\t\t\t<\/div>\n\t\t<\/section>\n\t\t\t\t\t<\/div>\n\t\t<\/div>\n\t\t\t\t<div class=\"elementor-column elementor-col-50 elementor-top-column elementor-element elementor-element-1913e58\" data-id=\"1913e58\" data-element_type=\"column\">\n\t\t\t<div class=\"elementor-widget-wrap\">\n\t\t\t\t\t\t\t<\/div>\n\t\t<\/div>\n\t\t\t\t\t<\/div>\n\t\t<\/section>\n\t\t\t\t<section class=\"elementor-section elementor-top-section elementor-element elementor-element-e36ff3e elementor-section-content-top elementor-section-boxed elementor-section-height-default elementor-section-height-default\" data-id=\"e36ff3e\" data-element_type=\"section\" data-settings=\"{&quot;background_background&quot;:&quot;classic&quot;}\">\n\t\t\t\t\t\t<div class=\"elementor-container elementor-column-gap-extended\">\n\t\t\t\t\t<div class=\"elementor-column elementor-col-66 elementor-top-column elementor-element elementor-element-aa7824a elementor-invisible\" data-id=\"aa7824a\" data-element_type=\"column\" data-settings=\"{&quot;animation&quot;:&quot;fadeIn&quot;}\">\n\t\t\t<div class=\"elementor-widget-wrap elementor-element-populated\">\n\t\t\t\t\t\t<div class=\"elementor-element elementor-element-139ebc4 elementor-grid-1 elementor-grid-tablet-2 elementor-grid-mobile-1 elementor-posts--thumbnail-top elementor-widget elementor-widget-posts\" data-id=\"139ebc4\" data-element_type=\"widget\" data-settings=\"{&quot;classic_columns&quot;:&quot;1&quot;,&quot;classic_columns_tablet&quot;:&quot;2&quot;,&quot;classic_columns_mobile&quot;:&quot;1&quot;,&quot;classic_row_gap&quot;:{&quot;unit&quot;:&quot;px&quot;,&quot;size&quot;:35,&quot;sizes&quot;:[]},&quot;classic_row_gap_tablet&quot;:{&quot;unit&quot;:&quot;px&quot;,&quot;size&quot;:&quot;&quot;,&quot;sizes&quot;:[]},&quot;classic_row_gap_mobile&quot;:{&quot;unit&quot;:&quot;px&quot;,&quot;size&quot;:&quot;&quot;,&quot;sizes&quot;:[]}}\" data-widget_type=\"posts.classic\">\n\t\t\t\t<div class=\"elementor-widget-container\">\n\t\t\t\t\t\t\t<div class=\"elementor-posts-container elementor-posts elementor-posts--skin-classic elementor-grid\">\n\t\t\t\t<article class=\"elementor-post elementor-grid-item post-2361 post type-post status-publish format-standard has-post-thumbnail hentry category-sin-categoria\">\n\t\t\t\t<a class=\"elementor-post__thumbnail__link\" href=\"https:\/\/logicon.com.ar\/?p=2361\" >\n\t\t\t<div class=\"elementor-post__thumbnail\"><img fetchpriority=\"high\" decoding=\"async\" width=\"768\" height=\"478\" src=\"https:\/\/logicon.com.ar\/wp-content\/uploads\/2026\/03\/2026-03-03_Estrecho-Ormuz-B-768x478.png\" class=\"attachment-medium_large size-medium_large wp-image-2364\" alt=\"\" srcset=\"https:\/\/logicon.com.ar\/wp-content\/uploads\/2026\/03\/2026-03-03_Estrecho-Ormuz-B-768x478.png 768w, https:\/\/logicon.com.ar\/wp-content\/uploads\/2026\/03\/2026-03-03_Estrecho-Ormuz-B-300x187.png 300w, https:\/\/logicon.com.ar\/wp-content\/uploads\/2026\/03\/2026-03-03_Estrecho-Ormuz-B.png 800w\" sizes=\"(max-width: 768px) 100vw, 768px\" \/><\/div>\n\t\t<\/a>\n\t\t\t\t<div class=\"elementor-post__text\">\n\t\t\t\t<h3 class=\"elementor-post__title\">\n\t\t\t<a href=\"https:\/\/logicon.com.ar\/?p=2361\" >\n\t\t\t\tEl Estrecho de Ormuz ya est\u00e1 cerrado: c\u00f3mo el conflicto entre EEUU e Ir\u00e1n paraliza la log\u00edstica internacional\t\t\t<\/a>\n\t\t<\/h3>\n\t\t\n\t\t<a class=\"elementor-post__read-more\" href=\"https:\/\/logicon.com.ar\/?p=2361\" >\n\t\t\tVer m\u00e1s \u00bb\t\t<\/a>\n\n\t\t\t\t<\/div>\n\t\t\t\t<\/article>\n\t\t\t\t<article class=\"elementor-post elementor-grid-item post-2355 post type-post status-publish format-standard has-post-thumbnail hentry category-sin-categoria\">\n\t\t\t\t<a class=\"elementor-post__thumbnail__link\" href=\"https:\/\/logicon.com.ar\/?p=2355\" >\n\t\t\t<div class=\"elementor-post__thumbnail\"><img decoding=\"async\" width=\"768\" height=\"512\" src=\"https:\/\/logicon.com.ar\/wp-content\/uploads\/2026\/01\/2026-01-09_Mercosur-UE-768x512.jpg\" class=\"attachment-medium_large size-medium_large wp-image-2356\" alt=\"\" srcset=\"https:\/\/logicon.com.ar\/wp-content\/uploads\/2026\/01\/2026-01-09_Mercosur-UE-768x512.jpg 768w, https:\/\/logicon.com.ar\/wp-content\/uploads\/2026\/01\/2026-01-09_Mercosur-UE-300x200.jpg 300w, https:\/\/logicon.com.ar\/wp-content\/uploads\/2026\/01\/2026-01-09_Mercosur-UE-1024x683.jpg 1024w, https:\/\/logicon.com.ar\/wp-content\/uploads\/2026\/01\/2026-01-09_Mercosur-UE.jpg 1152w\" sizes=\"(max-width: 768px) 100vw, 768px\" \/><\/div>\n\t\t<\/a>\n\t\t\t\t<div class=\"elementor-post__text\">\n\t\t\t\t<h3 class=\"elementor-post__title\">\n\t\t\t<a href=\"https:\/\/logicon.com.ar\/?p=2355\" >\n\t\t\t\tTras 25 a\u00f1os de negociaciones, la UE aprob\u00f3 el acuerdo con el Mercosur y avanza la mayor zona de libre comercio\t\t\t<\/a>\n\t\t<\/h3>\n\t\t\n\t\t<a class=\"elementor-post__read-more\" href=\"https:\/\/logicon.com.ar\/?p=2355\" >\n\t\t\tVer m\u00e1s \u00bb\t\t<\/a>\n\n\t\t\t\t<\/div>\n\t\t\t\t<\/article>\n\t\t\t\t<article class=\"elementor-post elementor-grid-item post-2342 post type-post status-publish format-standard has-post-thumbnail hentry category-sin-categoria\">\n\t\t\t\t<a class=\"elementor-post__thumbnail__link\" href=\"https:\/\/logicon.com.ar\/?p=2342\" >\n\t\t\t<div class=\"elementor-post__thumbnail\"><img decoding=\"async\" width=\"619\" height=\"419\" src=\"https:\/\/logicon.com.ar\/wp-content\/uploads\/2025\/11\/2025-11-25_Noticia-INDEC.jpg\" class=\"attachment-medium_large size-medium_large wp-image-2344\" alt=\"\" srcset=\"https:\/\/logicon.com.ar\/wp-content\/uploads\/2025\/11\/2025-11-25_Noticia-INDEC.jpg 619w, https:\/\/logicon.com.ar\/wp-content\/uploads\/2025\/11\/2025-11-25_Noticia-INDEC-300x203.jpg 300w\" sizes=\"(max-width: 619px) 100vw, 619px\" \/><\/div>\n\t\t<\/a>\n\t\t\t\t<div class=\"elementor-post__text\">\n\t\t\t\t<h3 class=\"elementor-post__title\">\n\t\t\t<a href=\"https:\/\/logicon.com.ar\/?p=2342\" >\n\t\t\t\tComercio exterior argentino: octubre cerr\u00f3 con super\u00e1vit y un fuerte incremento en el intercambio\t\t\t<\/a>\n\t\t<\/h3>\n\t\t\n\t\t<a class=\"elementor-post__read-more\" href=\"https:\/\/logicon.com.ar\/?p=2342\" >\n\t\t\tVer m\u00e1s \u00bb\t\t<\/a>\n\n\t\t\t\t<\/div>\n\t\t\t\t<\/article>\n\t\t\t\t<article class=\"elementor-post elementor-grid-item post-2333 post type-post status-publish format-standard has-post-thumbnail hentry category-sin-categoria\">\n\t\t\t\t<a class=\"elementor-post__thumbnail__link\" href=\"https:\/\/logicon.com.ar\/?p=2333\" >\n\t\t\t<div class=\"elementor-post__thumbnail\"><img loading=\"lazy\" decoding=\"async\" width=\"768\" height=\"403\" src=\"https:\/\/logicon.com.ar\/wp-content\/uploads\/2025\/11\/portadacarnejpg-768x403.jpeg\" class=\"attachment-medium_large size-medium_large wp-image-2335\" alt=\"\" srcset=\"https:\/\/logicon.com.ar\/wp-content\/uploads\/2025\/11\/portadacarnejpg-768x403.jpeg 768w, https:\/\/logicon.com.ar\/wp-content\/uploads\/2025\/11\/portadacarnejpg-300x158.jpeg 300w, https:\/\/logicon.com.ar\/wp-content\/uploads\/2025\/11\/portadacarnejpg-1024x538.jpeg 1024w, https:\/\/logicon.com.ar\/wp-content\/uploads\/2025\/11\/portadacarnejpg.jpeg 1200w\" sizes=\"(max-width: 768px) 100vw, 768px\" \/><\/div>\n\t\t<\/a>\n\t\t\t\t<div class=\"elementor-post__text\">\n\t\t\t\t<h3 class=\"elementor-post__title\">\n\t\t\t<a href=\"https:\/\/logicon.com.ar\/?p=2333\" >\n\t\t\t\tEstados Unidos comprar\u00e1 m\u00e1s carne argentina mientras pone en marcha un plan de autoabastecimiento\t\t\t<\/a>\n\t\t<\/h3>\n\t\t\n\t\t<a class=\"elementor-post__read-more\" href=\"https:\/\/logicon.com.ar\/?p=2333\" >\n\t\t\tVer m\u00e1s \u00bb\t\t<\/a>\n\n\t\t\t\t<\/div>\n\t\t\t\t<\/article>\n\t\t\t\t<article class=\"elementor-post elementor-grid-item post-2326 post type-post status-publish format-standard has-post-thumbnail hentry category-sin-categoria\">\n\t\t\t\t<a class=\"elementor-post__thumbnail__link\" href=\"https:\/\/logicon.com.ar\/?p=2326\" >\n\t\t\t<div class=\"elementor-post__thumbnail\"><img loading=\"lazy\" decoding=\"async\" width=\"768\" height=\"511\" src=\"https:\/\/logicon.com.ar\/wp-content\/uploads\/2025\/09\/port-4602964_1920-768x511.jpg\" class=\"attachment-medium_large size-medium_large wp-image-2327\" alt=\"\" srcset=\"https:\/\/logicon.com.ar\/wp-content\/uploads\/2025\/09\/port-4602964_1920-768x511.jpg 768w, https:\/\/logicon.com.ar\/wp-content\/uploads\/2025\/09\/port-4602964_1920-300x200.jpg 300w, https:\/\/logicon.com.ar\/wp-content\/uploads\/2025\/09\/port-4602964_1920-1024x682.jpg 1024w, https:\/\/logicon.com.ar\/wp-content\/uploads\/2025\/09\/port-4602964_1920-1536x1022.jpg 1536w, https:\/\/logicon.com.ar\/wp-content\/uploads\/2025\/09\/port-4602964_1920.jpg 1920w\" sizes=\"(max-width: 768px) 100vw, 768px\" \/><\/div>\n\t\t<\/a>\n\t\t\t\t<div class=\"elementor-post__text\">\n\t\t\t\t<h3 class=\"elementor-post__title\">\n\t\t\t<a href=\"https:\/\/logicon.com.ar\/?p=2326\" >\n\t\t\t\tTerminales: el mercado global se acelera con m\u00e1s capacidad y m\u00e1s concentraci\u00f3n\t\t\t<\/a>\n\t\t<\/h3>\n\t\t\n\t\t<a class=\"elementor-post__read-more\" href=\"https:\/\/logicon.com.ar\/?p=2326\" >\n\t\t\tVer m\u00e1s \u00bb\t\t<\/a>\n\n\t\t\t\t<\/div>\n\t\t\t\t<\/article>\n\t\t\t\t<article class=\"elementor-post elementor-grid-item post-2202 post type-post status-publish format-standard has-post-thumbnail hentry category-sin-categoria\">\n\t\t\t\t<a class=\"elementor-post__thumbnail__link\" href=\"https:\/\/logicon.com.ar\/?p=2202\" >\n\t\t\t<div class=\"elementor-post__thumbnail\"><img loading=\"lazy\" decoding=\"async\" width=\"768\" height=\"538\" src=\"https:\/\/logicon.com.ar\/wp-content\/uploads\/2025\/04\/noticias-04-10-768x538.jpeg\" class=\"attachment-medium_large size-medium_large wp-image-2205\" alt=\"\" srcset=\"https:\/\/logicon.com.ar\/wp-content\/uploads\/2025\/04\/noticias-04-10-768x538.jpeg 768w, https:\/\/logicon.com.ar\/wp-content\/uploads\/2025\/04\/noticias-04-10-300x210.jpeg 300w, https:\/\/logicon.com.ar\/wp-content\/uploads\/2025\/04\/noticias-04-10-1024x717.jpeg 1024w, https:\/\/logicon.com.ar\/wp-content\/uploads\/2025\/04\/noticias-04-10.jpeg 1200w\" sizes=\"(max-width: 768px) 100vw, 768px\" \/><\/div>\n\t\t<\/a>\n\t\t\t\t<div class=\"elementor-post__text\">\n\t\t\t\t<h3 class=\"elementor-post__title\">\n\t\t\t<a href=\"https:\/\/logicon.com.ar\/?p=2202\" >\n\t\t\t\tNuevo esquema arancelario de EE.UU. comienza a regir el 9 de abril: impacto para Argentina\t\t\t<\/a>\n\t\t<\/h3>\n\t\t\n\t\t<a class=\"elementor-post__read-more\" href=\"https:\/\/logicon.com.ar\/?p=2202\" >\n\t\t\tVer m\u00e1s \u00bb\t\t<\/a>\n\n\t\t\t\t<\/div>\n\t\t\t\t<\/article>\n\t\t\t\t<article class=\"elementor-post elementor-grid-item post-2151 post type-post status-publish format-standard has-post-thumbnail hentry category-sin-categoria\">\n\t\t\t\t<a class=\"elementor-post__thumbnail__link\" href=\"https:\/\/logicon.com.ar\/?p=2151\" >\n\t\t\t<div class=\"elementor-post__thumbnail\"><img loading=\"lazy\" decoding=\"async\" width=\"768\" height=\"432\" src=\"https:\/\/logicon.com.ar\/wp-content\/uploads\/2025\/02\/2025-02-05-Noticia-768x432.jpg\" class=\"attachment-medium_large size-medium_large wp-image-2152\" alt=\"\" srcset=\"https:\/\/logicon.com.ar\/wp-content\/uploads\/2025\/02\/2025-02-05-Noticia-768x432.jpg 768w, https:\/\/logicon.com.ar\/wp-content\/uploads\/2025\/02\/2025-02-05-Noticia-300x169.jpg 300w, https:\/\/logicon.com.ar\/wp-content\/uploads\/2025\/02\/2025-02-05-Noticia.jpg 960w\" sizes=\"(max-width: 768px) 100vw, 768px\" \/><\/div>\n\t\t<\/a>\n\t\t\t\t<div class=\"elementor-post__text\">\n\t\t\t\t<h3 class=\"elementor-post__title\">\n\t\t\t<a href=\"https:\/\/logicon.com.ar\/?p=2151\" >\n\t\t\t\tEgipto busca reactivar el tr\u00e1nsito por el Canal de Suez tras el alto el fuego en Gaza\t\t\t<\/a>\n\t\t<\/h3>\n\t\t\n\t\t<a class=\"elementor-post__read-more\" href=\"https:\/\/logicon.com.ar\/?p=2151\" >\n\t\t\tVer m\u00e1s \u00bb\t\t<\/a>\n\n\t\t\t\t<\/div>\n\t\t\t\t<\/article>\n\t\t\t\t<article class=\"elementor-post elementor-grid-item post-2121 post type-post status-publish format-standard has-post-thumbnail hentry category-sin-categoria\">\n\t\t\t\t<a class=\"elementor-post__thumbnail__link\" href=\"https:\/\/logicon.com.ar\/?p=2121\" >\n\t\t\t<div class=\"elementor-post__thumbnail\"><img loading=\"lazy\" decoding=\"async\" width=\"768\" height=\"1024\" src=\"https:\/\/logicon.com.ar\/wp-content\/uploads\/2025\/01\/2025-01-06-noticia-768x1024.jpg\" class=\"attachment-medium_large size-medium_large wp-image-2123\" alt=\"\" srcset=\"https:\/\/logicon.com.ar\/wp-content\/uploads\/2025\/01\/2025-01-06-noticia-768x1024.jpg 768w, https:\/\/logicon.com.ar\/wp-content\/uploads\/2025\/01\/2025-01-06-noticia-225x300.jpg 225w, https:\/\/logicon.com.ar\/wp-content\/uploads\/2025\/01\/2025-01-06-noticia.jpg 1024w\" sizes=\"(max-width: 768px) 100vw, 768px\" \/><\/div>\n\t\t<\/a>\n\t\t\t\t<div class=\"elementor-post__text\">\n\t\t\t\t<h3 class=\"elementor-post__title\">\n\t\t\t<a href=\"https:\/\/logicon.com.ar\/?p=2121\" >\n\t\t\t\tEn noviembre, las exportaciones de las econom\u00edas regionales crecieron 24% en toneladas\t\t\t<\/a>\n\t\t<\/h3>\n\t\t\n\t\t<a class=\"elementor-post__read-more\" href=\"https:\/\/logicon.com.ar\/?p=2121\" >\n\t\t\tVer m\u00e1s \u00bb\t\t<\/a>\n\n\t\t\t\t<\/div>\n\t\t\t\t<\/article>\n\t\t\t\t<article class=\"elementor-post elementor-grid-item post-2116 post type-post status-publish format-standard has-post-thumbnail hentry category-sin-categoria\">\n\t\t\t\t<a class=\"elementor-post__thumbnail__link\" href=\"https:\/\/logicon.com.ar\/?p=2116\" >\n\t\t\t<div class=\"elementor-post__thumbnail\"><img loading=\"lazy\" decoding=\"async\" width=\"768\" height=\"432\" src=\"https:\/\/logicon.com.ar\/wp-content\/uploads\/2024\/12\/Noticia-768x432.jpg\" class=\"attachment-medium_large size-medium_large wp-image-2118\" alt=\"\" srcset=\"https:\/\/logicon.com.ar\/wp-content\/uploads\/2024\/12\/Noticia-768x432.jpg 768w, https:\/\/logicon.com.ar\/wp-content\/uploads\/2024\/12\/Noticia-300x169.jpg 300w, https:\/\/logicon.com.ar\/wp-content\/uploads\/2024\/12\/Noticia-1024x576.jpg 1024w, https:\/\/logicon.com.ar\/wp-content\/uploads\/2024\/12\/Noticia.jpg 1280w\" sizes=\"(max-width: 768px) 100vw, 768px\" \/><\/div>\n\t\t<\/a>\n\t\t\t\t<div class=\"elementor-post__text\">\n\t\t\t\t<h3 class=\"elementor-post__title\">\n\t\t\t<a href=\"https:\/\/logicon.com.ar\/?p=2116\" >\n\t\t\t\tTecPlata: la primera terminal certificada en Buenos Aires para recibir buques Neo Panamax de 366 metros de eslora\t\t\t<\/a>\n\t\t<\/h3>\n\t\t\n\t\t<a class=\"elementor-post__read-more\" href=\"https:\/\/logicon.com.ar\/?p=2116\" >\n\t\t\tVer m\u00e1s \u00bb\t\t<\/a>\n\n\t\t\t\t<\/div>\n\t\t\t\t<\/article>\n\t\t\t\t<article class=\"elementor-post elementor-grid-item post-2099 post type-post status-publish format-standard has-post-thumbnail hentry category-sin-categoria\">\n\t\t\t\t<a class=\"elementor-post__thumbnail__link\" href=\"https:\/\/logicon.com.ar\/?p=2099\" >\n\t\t\t<div class=\"elementor-post__thumbnail\"><img loading=\"lazy\" decoding=\"async\" width=\"768\" height=\"512\" src=\"https:\/\/logicon.com.ar\/wp-content\/uploads\/2024\/10\/puerto-contenedores-Imagen-de-Pe-768x512.jpg\" class=\"attachment-medium_large size-medium_large wp-image-2101\" alt=\"\" srcset=\"https:\/\/logicon.com.ar\/wp-content\/uploads\/2024\/10\/puerto-contenedores-Imagen-de-Pe-768x512.jpg 768w, https:\/\/logicon.com.ar\/wp-content\/uploads\/2024\/10\/puerto-contenedores-Imagen-de-Pe-300x200.jpg 300w, https:\/\/logicon.com.ar\/wp-content\/uploads\/2024\/10\/puerto-contenedores-Imagen-de-Pe.jpg 1024w\" sizes=\"(max-width: 768px) 100vw, 768px\" \/><\/div>\n\t\t<\/a>\n\t\t\t\t<div class=\"elementor-post__text\">\n\t\t\t\t<h3 class=\"elementor-post__title\">\n\t\t\t<a href=\"https:\/\/logicon.com.ar\/?p=2099\" >\n\t\t\t\tEn septiembre, el valor promedio de la tonelada exportada por las econom\u00edas regionales fue de US$1230\t\t\t<\/a>\n\t\t<\/h3>\n\t\t\n\t\t<a class=\"elementor-post__read-more\" href=\"https:\/\/logicon.com.ar\/?p=2099\" >\n\t\t\tVer m\u00e1s \u00bb\t\t<\/a>\n\n\t\t\t\t<\/div>\n\t\t\t\t<\/article>\n\t\t\t\t<\/div>\n\n\n\t\t\n\t\t\t\t\t\t<\/div>\n\t\t\t\t<\/div>\n\t\t\t\t\t<\/div>\n\t\t<\/div>\n\t\t\t\t<div class=\"elementor-column elementor-col-33 elementor-top-column elementor-element elementor-element-fd76dad\" data-id=\"fd76dad\" data-element_type=\"column\">\n\t\t\t<div class=\"elementor-widget-wrap elementor-element-populated\">\n\t\t\t\t\t\t<section class=\"elementor-section elementor-inner-section elementor-element elementor-element-a51dca6 elementor-section-boxed elementor-section-height-default elementor-section-height-default\" data-id=\"a51dca6\" data-element_type=\"section\" data-settings=\"{&quot;sticky&quot;:&quot;top&quot;,&quot;sticky_offset&quot;:107,&quot;sticky_on&quot;:[&quot;desktop&quot;],&quot;sticky_parent&quot;:&quot;yes&quot;,&quot;sticky_effects_offset&quot;:0}\">\n\t\t\t\t\t\t<div class=\"elementor-container elementor-column-gap-default\">\n\t\t\t\t\t<div class=\"elementor-column elementor-col-100 elementor-inner-column elementor-element elementor-element-0ed8155\" data-id=\"0ed8155\" data-element_type=\"column\">\n\t\t\t<div class=\"elementor-widget-wrap elementor-element-populated\">\n\t\t\t\t\t\t<div class=\"elementor-element elementor-element-3939de4 elementor-widget elementor-widget-heading\" data-id=\"3939de4\" data-element_type=\"widget\" data-widget_type=\"heading.default\">\n\t\t\t\t<div class=\"elementor-widget-container\">\n\t\t\t\t\t<h5 class=\"elementor-heading-title elementor-size-default\">Entradas Recientes<\/h5>\t\t\t\t<\/div>\n\t\t\t\t<\/div>\n\t\t\t\t<div class=\"elementor-element elementor-element-4935e3c elementor-grid-1 elementor-posts--thumbnail-none elementor-grid-tablet-1 elementor-grid-mobile-1 elementor-widget elementor-widget-posts\" data-id=\"4935e3c\" data-element_type=\"widget\" data-settings=\"{&quot;classic_columns&quot;:&quot;1&quot;,&quot;classic_columns_tablet&quot;:&quot;1&quot;,&quot;classic_columns_mobile&quot;:&quot;1&quot;,&quot;classic_row_gap&quot;:{&quot;unit&quot;:&quot;px&quot;,&quot;size&quot;:35,&quot;sizes&quot;:[]},&quot;classic_row_gap_tablet&quot;:{&quot;unit&quot;:&quot;px&quot;,&quot;size&quot;:&quot;&quot;,&quot;sizes&quot;:[]},&quot;classic_row_gap_mobile&quot;:{&quot;unit&quot;:&quot;px&quot;,&quot;size&quot;:&quot;&quot;,&quot;sizes&quot;:[]}}\" data-widget_type=\"posts.classic\">\n\t\t\t\t<div class=\"elementor-widget-container\">\n\t\t\t\t\t\t\t<div class=\"elementor-posts-container elementor-posts elementor-posts--skin-classic elementor-grid\">\n\t\t\t\t<article class=\"elementor-post elementor-grid-item post-2361 post type-post status-publish format-standard has-post-thumbnail hentry category-sin-categoria\">\n\t\t\t\t<div class=\"elementor-post__text\">\n\t\t\t\t<h3 class=\"elementor-post__title\">\n\t\t\t<a href=\"https:\/\/logicon.com.ar\/?p=2361\" >\n\t\t\t\tEl Estrecho de Ormuz ya est\u00e1 cerrado: c\u00f3mo el conflicto entre EEUU e Ir\u00e1n paraliza la log\u00edstica internacional\t\t\t<\/a>\n\t\t<\/h3>\n\t\t\t\t<div class=\"elementor-post__meta-data\">\n\t\t\t\t\t<span class=\"elementor-post-date\">\n\t\t\t3 de marzo de 2026\t\t<\/span>\n\t\t\t\t<\/div>\n\t\t\t\t<div class=\"elementor-post__excerpt\">\n\t\t\t<p>Actualizado al 3 de marzo de 2026. Los ataques conjuntos de Estados Unidos e Israel contra instalaciones en territorio iran\u00ed, confirmados el 28 de febrero<\/p>\n\t\t<\/div>\n\t\t\t\t<\/div>\n\t\t\t\t<\/article>\n\t\t\t\t<article class=\"elementor-post elementor-grid-item post-2355 post type-post status-publish format-standard has-post-thumbnail hentry category-sin-categoria\">\n\t\t\t\t<div class=\"elementor-post__text\">\n\t\t\t\t<h3 class=\"elementor-post__title\">\n\t\t\t<a href=\"https:\/\/logicon.com.ar\/?p=2355\" >\n\t\t\t\tTras 25 a\u00f1os de negociaciones, la UE aprob\u00f3 el acuerdo con el Mercosur y avanza la mayor zona de libre comercio\t\t\t<\/a>\n\t\t<\/h3>\n\t\t\t\t<div class=\"elementor-post__meta-data\">\n\t\t\t\t\t<span class=\"elementor-post-date\">\n\t\t\t9 de enero de 2026\t\t<\/span>\n\t\t\t\t<\/div>\n\t\t\t\t<div class=\"elementor-post__excerpt\">\n\t\t\t<p>La mayor\u00eda de los 27 votaron a favor del pacto en una reuni\u00f3n de embajadores en Bruselas, a pesar de la oposici\u00f3n de Francia, Irlanda<\/p>\n\t\t<\/div>\n\t\t\t\t<\/div>\n\t\t\t\t<\/article>\n\t\t\t\t<article class=\"elementor-post elementor-grid-item post-2342 post type-post status-publish format-standard has-post-thumbnail hentry category-sin-categoria\">\n\t\t\t\t<div class=\"elementor-post__text\">\n\t\t\t\t<h3 class=\"elementor-post__title\">\n\t\t\t<a href=\"https:\/\/logicon.com.ar\/?p=2342\" >\n\t\t\t\tComercio exterior argentino: octubre cerr\u00f3 con super\u00e1vit y un fuerte incremento en el intercambio\t\t\t<\/a>\n\t\t<\/h3>\n\t\t\t\t<div class=\"elementor-post__meta-data\">\n\t\t\t\t\t<span class=\"elementor-post-date\">\n\t\t\t25 de noviembre de 2025\t\t<\/span>\n\t\t\t\t<\/div>\n\t\t\t\t<div class=\"elementor-post__excerpt\">\n\t\t\t<p>El \u00faltimo informe del Intercambio Comercial Argentino (ICA) correspondiente a octubre de 2025 confirm\u00f3 un escenario de recuperaci\u00f3n en el comercio exterior del pa\u00eds. Tanto<\/p>\n\t\t<\/div>\n\t\t\t\t<\/div>\n\t\t\t\t<\/article>\n\t\t\t\t<\/div>\n\n\n\t\t\n\t\t\t\t\t\t<\/div>\n\t\t\t\t<\/div>\n\t\t\t\t\t<\/div>\n\t\t<\/div>\n\t\t\t\t\t<\/div>\n\t\t<\/section>\n\t\t\t\t\t<\/div>\n\t\t<\/div>\n\t\t\t\t\t<\/div>\n\t\t<\/section>\n\t\t\t\t<\/div>\n\t\t","protected":false},"excerpt":{"rendered":"<p>Noticias El contexto nacional e internacional moldean las condiciones en las que se lleva a cabo el comercio internacional. En esta secci\u00f3n vas a encontrar las \u00faltimas novedades del sector. Entradas Recientes<\/p>\n","protected":false},"author":1,"featured_media":0,"parent":0,"menu_order":0,"comment_status":"closed","ping_status":"closed","template":"","meta":{"_acf_changed":false,"footnotes":""},"class_list":["post-625","page","type-page","status-publish","hentry"],"acf":[],"_links":{"self":[{"href":"https:\/\/logicon.com.ar\/index.php?rest_route=\/wp\/v2\/pages\/625","targetHints":{"allow":["GET"]}}],"collection":[{"href":"https:\/\/logicon.com.ar\/index.php?rest_route=\/wp\/v2\/pages"}],"about":[{"href":"https:\/\/logicon.com.ar\/index.php?rest_route=\/wp\/v2\/types\/page"}],"author":[{"embeddable":true,"href":"https:\/\/logicon.com.ar\/index.php?rest_route=\/wp\/v2\/users\/1"}],"replies":[{"embeddable":true,"href":"https:\/\/logicon.com.ar\/index.php?rest_route=%2Fwp%2Fv2%2Fcomments&post=625"}],"version-history":[{"count":9,"href":"https:\/\/logicon.com.ar\/index.php?rest_route=\/wp\/v2\/pages\/625\/revisions"}],"predecessor-version":[{"id":1911,"href":"https:\/\/logicon.com.ar\/index.php?rest_route=\/wp\/v2\/pages\/625\/revisions\/1911"}],"wp:attachment":[{"href":"https:\/\/logicon.com.ar\/index.php?rest_route=%2Fwp%2Fv2%2Fmedia&parent=625"}],"curies":[{"name":"wp","href":"https:\/\/api.w.org\/{rel}","templated":true}]}}